{"id":2816,"date":"2024-03-05T17:36:40","date_gmt":"2024-03-05T22:36:40","guid":{"rendered":"http:\/\/cookingwithrey.com\/?page_id=2816"},"modified":"2024-03-05T17:36:41","modified_gmt":"2024-03-05T22:36:41","slug":"reservaciones","status":"publish","type":"page","link":"https:\/\/cookingwithrey.com\/?page_id=2816","title":{"rendered":"RESERVACIONES"},"content":{"rendered":"\n<p class=\"\"><mark style=\"background-color:#ffffff\" class=\"has-inline-color has-vivid-red-color\"><\/mark><\/p>\n\n\n\n<p class=\"\">HAGA UNA RESERVACI\u00d3N LLENANDO EL FORMULARIO A CONTINUACI\u00d3N.<\/p>\n\n\n\n<p class=\"\">Si est\u00e1 en un GRUPO y hacen pedidos por separado, simplemente agregue el &#8220;Nombre del Grupo&#8221; en el formulario de reserva a continuaci\u00f3n.<\/p>\n\n\n\n<p class=\"\"><strong><mark style=\"background-color:rgba(0, 0, 0, 0)\" class=\"has-inline-color has-vivid-cyan-blue-color\">Ejemplo: (Por favor, coloque el primer nombre al frente de cada pedido)<\/mark><\/strong><\/p>\n\n\n\n<p class=\"\"><mark style=\"background-color:rgba(0, 0, 0, 0)\" class=\"has-inline-color has-vivid-cyan-blue-color\"><strong>Jose #1 picante medio \/ Bob #5 picante \/ Maria #2 Suave (Arroz frito) \/ Sally #2 Picante (Sin arroz &#8211; Ensalada extra)<\/strong><\/mark><\/p>\n\n\n\n<p class=\"\">Alternativamente, puede hacer una reserva por correo electr\u00f3nico o tel\u00e9fono<\/p>\n\n\n\n<p class=\"\">Elecctronico: whatscooking@mailsam.com <\/p>\n\n\n\n<p class=\"\">Telefono: (0995443977) <\/p>\n\n\n\n<p class=\"\">Le dar\u00e9 la direcci\u00f3n exacta de nuestra ubicaci\u00f3n cuando confirmemos su reserva.<\/p>\n\n\n\n<p class=\"\">Normalmente puedo acomodar reservas de \u00faltimo minuto o clientes sin reserva de nuestros hu\u00e9spedes habituales. Algunos \u00edtems en el men\u00fa no estar\u00e1n disponibles ya que requieren m\u00e1s tiempo para prepararse. Lo mejor es llamar antes de llegar al 0995443977.<\/p>\n\n\n\n<p class=\"\">Si necesita hacer una reserva para m\u00e1s de 12 personas, por favor llame o env\u00ede un correo electr\u00f3nico primero. Nuestra capacidad m\u00e1xima es de 22.<\/p>\n\n\n\n<p class=\"\"><strong><mark style=\"background-color:rgba(0, 0, 0, 0)\" class=\"has-inline-color has-vivid-red-color\">Lo sentimos, no aceptamos tarjetas de cr\u00e9dito en este momento.<\/mark><\/strong><\/p>\n\n\n\n\t<script type=\"text\/javascript\">\n        var ajaxurl = 'https:\/\/cookingwithrey.com\/wp-admin\/admin-ajax.php';\n    <\/script>\n\n    <style>#rtb-time_root .picker__list .picker__list-item.picker__list-item--disabled { display: none; }.rtb-booking-form fieldset { border-color: #edf4ec !important; }.rtb-booking-form .add-message a { background-color: #f10707 !important; border-color: #f10707 !important; padding: 6px 12px !important; }.rtb-booking-form .add-message a { color: #040303 !important; }.rtb-booking-form form button { background-color: #09ed20 !important; border-color: #09ed20 !important; padding: 13px 28px !important; }.rtb-booking-form form button { color: #070000 !important; }<\/style>\n    \n<div class=\"rtb-booking-form\">\n\t\n\t\n\t\n\t\n\t<form method=\"POST\" action=\"https:\/\/cookingwithrey.com\/?page_id=109\" class=\"rtb-booking-form-form\">\n\t\t<input type=\"hidden\" name=\"action\" value=\"booking_request\">\n\n\t\t\n\t\t\n\t\t\n\t\t\t\t<fieldset class=\"reservation\">\n\n\t\t\t\t\t\t<legend >\n\t\t\t\tBook a Table \/ Reservar Una Mesa\t\t\t<\/legend>\n\t\t\t\n\t\t\t\n\t<div class=\"rtb-text date\">\n\t\t\t\t<label for=\"rtb-date\">\n\t\t\tDate \/ Fecha\t\t<\/label>\n\t\t<input type=\"text\" name=\"rtb-date\" id=\"rtb-date\" value=\"\" required aria-required=\"true\">\n\t<\/div>\n\n\t\n\t<div class=\"rtb-text time\">\n\t\t\t\t<label for=\"rtb-time\">\n\t\t\tTime \/ Hora\t\t<\/label>\n\t\t<input type=\"text\" name=\"rtb-time\" id=\"rtb-time\" value=\"\" required aria-required=\"true\">\n\t<\/div>\n\n\t\n\t<div class=\"rtb-select party\">\n\t\t\t\t<label for=\"rtb-party\">\n\t\t\tGuests \/ Invitados\t\t<\/label>\n\t\t<select name=\"rtb-party\" id=\"rtb-party\" required aria-required=\"true\"  data-selected=\"\">\n\t\t\t\t\t\t\t\t\t<option value=\"1\" >1<\/option>\n\t\t\t\t\t\t<option value=\"2\" >2<\/option>\n\t\t\t\t\t\t<option value=\"3\" >3<\/option>\n\t\t\t\t\t\t<option value=\"4\" >4<\/option>\n\t\t\t\t\t\t<option value=\"5\" >5<\/option>\n\t\t\t\t\t\t<option value=\"6\" >6<\/option>\n\t\t\t\t\t\t<option value=\"7\" >7<\/option>\n\t\t\t\t\t\t<option value=\"8\" >8<\/option>\n\t\t\t\t\t\t<option value=\"9\" >9<\/option>\n\t\t\t\t\t\t<option value=\"10\" >10<\/option>\n\t\t\t\t\t\t<option value=\"11\" >11<\/option>\n\t\t\t\t\t\t<option value=\"12\" >12<\/option>\n\t\t\t\t\t\t<option value=\"13\" >13<\/option>\n\t\t\t\t\t\t<option value=\"14\" >14<\/option>\n\t\t\t\t\t\t<option value=\"15\" >15<\/option>\n\t\t\t\t\t\t<option value=\"16\" >16<\/option>\n\t\t\t\t\t\t<option value=\"17\" >17<\/option>\n\t\t\t\t\t\t<option value=\"18\" >18<\/option>\n\t\t\t\t\t\t<option value=\"19\" >19<\/option>\n\t\t\t\t\t\t<option value=\"20\" >20<\/option>\n\t\t\t\t\t\t<option value=\"21\" >21<\/option>\n\t\t\t\t\t\t<option value=\"22\" >22<\/option>\n\t\t\t\t\t<\/select>\n\t<\/div>\n\n\t\t\t<\/fieldset>\n\t\t\t\t<fieldset class=\"rtb-contact\">\n\n\t\t\t\t\t\t<legend >\n\t\t\t\tContact Details \/ Detalles de Contacto\t\t\t<\/legend>\n\t\t\t\n\t\t\t\n\t<div class=\"rtb-text name\">\n\t\t\t\t<label for=\"rtb-name\">\n\t\t\tNAME \/ NOMBRE\t\t<\/label>\n\t\t<input type=\"text\" name=\"rtb-name\" id=\"rtb-name\" value=\"\" required aria-required=\"true\">\n\t<\/div>\n\n\t\n\t<div class=\"rtb-text are-you-with-a-group-please-tell-me-the-group-name\">\n\t\t\t\t<label for=\"rtb-are-you-with-a-group-please-tell-me-the-group-name\">\n\t\t\tGroup Name \/ Nombre del Grupo\t\t<\/label>\n\t\t<input type=\"text\" name=\"rtb-are-you-with-a-group-please-tell-me-the-group-name\" id=\"rtb-are-you-with-a-group-please-tell-me-the-group-name\" value=\"\">\n\t<\/div>\n\n\t\n\t<div class=\"rtb-text email\">\n\t\t\t\t<label for=\"rtb-email\">\n\t\t\tEmail \/ Electronico\t\t<\/label>\n\t\t<input type=\"email\" name=\"rtb-email\" id=\"rtb-email\" value=\"\" required aria-required=\"true\">\n\t<\/div>\n\n\t\n\t<div class=\"rtb-text phone\">\n\t\t\t\t<label for=\"rtb-phone\">\n\t\t\tPhone \/ Telephono\t\t<\/label>\n\t\t<input type=\"tel\" name=\"rtb-phone\" id=\"rtb-phone\" value=\"\">\n\t<\/div>\n\n\t\n\t<div class=\"add-message\">\n\t\t<a href=\"#\">\n\t\t\tMAIN COURSE SELECTIONS \/ SELECCIONES DE PLATO PRINCIPAL\t\t<\/a>\n\t<\/div>\n\n\t\n\t<div class=\"rtb-textarea message\">\n\t\t\t\t<label for=\"rtb-message\">\n\t\t\tMAIN COURSE SELECTIONS \/ SELECCIONES DE PLATO PRINCIPAL\t\t<\/label>\n\t\t<textarea name=\"rtb-message\" id=\"rtb-message\"><\/textarea>\n\t<\/div>\n\n\t\t\t<\/fieldset>\n\t\t\n\t\t\n\t\t<fieldset class=\"rtb-form-footer\">\n\t\t\t<div id='rtb_recaptcha'><\/div>\n\t\t\t\n\t\t\t<div class=\"rtb-form-submit\"><button type=\"submit\">MAKE RESERVATION \/ Hacer Reservaci\u00f3n<\/button><\/div>\t\t<\/fieldset>\n\n\n\t<\/form>\n\n\t\n\t\n\t<\/div>\n\n\t\n\n\n<figure class=\"wp-block-image size-full\"><img loading=\"lazy\" decoding=\"async\" width=\"2560\" height=\"1707\" src=\"https:\/\/cookingwithrey.com\/wp-content\/uploads\/2023\/02\/Main-Dining-Table-R20-scaled.jpg\" alt=\"\" class=\"wp-image-1896\" srcset=\"https:\/\/cookingwithrey.com\/wp-content\/uploads\/2023\/02\/Main-Dining-Table-R20-scaled.jpg 2560w, https:\/\/cookingwithrey.com\/wp-content\/uploads\/2023\/02\/Main-Dining-Table-R20-768x512.jpg 768w, https:\/\/cookingwithrey.com\/wp-content\/uploads\/2023\/02\/Main-Dining-Table-R20-200x133.jpg 200w, https:\/\/cookingwithrey.com\/wp-content\/uploads\/2023\/02\/Main-Dining-Table-R20-1536x1024.jpg 1536w, https:\/\/cookingwithrey.com\/wp-content\/uploads\/2023\/02\/Main-Dining-Table-R20-2048x1365.jpg 2048w, https:\/\/cookingwithrey.com\/wp-content\/uploads\/2023\/02\/Main-Dining-Table-R20-600x400.jpg 600w, https:\/\/cookingwithrey.com\/wp-content\/uploads\/2023\/02\/Main-Dining-Table-R20-500x333.jpg 500w\" sizes=\"auto, (max-width: 2560px) 100vw, 2560px\" \/><\/figure>\n\n\n\n<figure class=\"wp-block-image size-large\"><img loading=\"lazy\" decoding=\"async\" width=\"683\" height=\"1024\" src=\"https:\/\/cookingwithrey.com\/wp-content\/uploads\/2023\/02\/ReyR20-683x1024.jpg\" alt=\"\" class=\"wp-image-1899\" srcset=\"https:\/\/cookingwithrey.com\/wp-content\/uploads\/2023\/02\/ReyR20-683x1024.jpg 683w, https:\/\/cookingwithrey.com\/wp-content\/uploads\/2023\/02\/ReyR20-768x1152.jpg 768w, https:\/\/cookingwithrey.com\/wp-content\/uploads\/2023\/02\/ReyR20-133x200.jpg 133w, https:\/\/cookingwithrey.com\/wp-content\/uploads\/2023\/02\/ReyR20-1024x1536.jpg 1024w, https:\/\/cookingwithrey.com\/wp-content\/uploads\/2023\/02\/ReyR20-200x300.jpg 200w, https:\/\/cookingwithrey.com\/wp-content\/uploads\/2023\/02\/ReyR20-1365x2048.jpg 1365w, https:\/\/cookingwithrey.com\/wp-content\/uploads\/2023\/02\/ReyR20-500x750.jpg 500w, https:\/\/cookingwithrey.com\/wp-content\/uploads\/2023\/02\/ReyR20-scaled.jpg 1707w\" sizes=\"auto, (max-width: 683px) 100vw, 683px\" \/><figcaption class=\"wp-element-caption\">Main dining area with five tables seats up to fourteen guests<\/figcaption><\/figure>\n\n\n\n<figure class=\"wp-block-image size-full\"><img loading=\"lazy\" decoding=\"async\" width=\"2560\" height=\"1707\" src=\"https:\/\/cookingwithrey.com\/wp-content\/uploads\/2023\/02\/Private-Dining-R20-scaled.jpg\" alt=\"\" class=\"wp-image-1897\" srcset=\"https:\/\/cookingwithrey.com\/wp-content\/uploads\/2023\/02\/Private-Dining-R20-scaled.jpg 2560w, https:\/\/cookingwithrey.com\/wp-content\/uploads\/2023\/02\/Private-Dining-R20-768x512.jpg 768w, https:\/\/cookingwithrey.com\/wp-content\/uploads\/2023\/02\/Private-Dining-R20-200x133.jpg 200w, https:\/\/cookingwithrey.com\/wp-content\/uploads\/2023\/02\/Private-Dining-R20-1536x1024.jpg 1536w, https:\/\/cookingwithrey.com\/wp-content\/uploads\/2023\/02\/Private-Dining-R20-2048x1365.jpg 2048w, https:\/\/cookingwithrey.com\/wp-content\/uploads\/2023\/02\/Private-Dining-R20-600x400.jpg 600w, https:\/\/cookingwithrey.com\/wp-content\/uploads\/2023\/02\/Private-Dining-R20-500x333.jpg 500w\" sizes=\"auto, (max-width: 2560px) 100vw, 2560px\" \/><figcaption class=\"wp-element-caption\">Private Dinning Area Seats 6<\/figcaption><\/figure>\n\n\n\n<figure class=\"wp-block-image size-full\"><img loading=\"lazy\" decoding=\"async\" width=\"2560\" height=\"1707\" src=\"https:\/\/cookingwithrey.com\/wp-content\/uploads\/2023\/02\/barR20-scaled.jpg\" alt=\"\" class=\"wp-image-1898\" srcset=\"https:\/\/cookingwithrey.com\/wp-content\/uploads\/2023\/02\/barR20-scaled.jpg 2560w, https:\/\/cookingwithrey.com\/wp-content\/uploads\/2023\/02\/barR20-768x512.jpg 768w, https:\/\/cookingwithrey.com\/wp-content\/uploads\/2023\/02\/barR20-200x133.jpg 200w, https:\/\/cookingwithrey.com\/wp-content\/uploads\/2023\/02\/barR20-1536x1024.jpg 1536w, https:\/\/cookingwithrey.com\/wp-content\/uploads\/2023\/02\/barR20-2048x1365.jpg 2048w, https:\/\/cookingwithrey.com\/wp-content\/uploads\/2023\/02\/barR20-600x400.jpg 600w, https:\/\/cookingwithrey.com\/wp-content\/uploads\/2023\/02\/barR20-500x333.jpg 500w\" sizes=\"auto, (max-width: 2560px) 100vw, 2560px\" \/><\/figure>\n","protected":false},"excerpt":{"rendered":"<p>HAGA UNA RESERVACI\u00d3N LLENANDO EL FORMULARIO A CONTINUACI\u00d3N. Si est\u00e1 en un GRUPO y hacen pedidos por separado, simplemente agregue el &#8220;Nombre del Grupo&#8221; en el formulario de reserva a continuaci\u00f3n. Ejemplo: (Por favor, coloque el primer nombre al frente de cada pedido) Jose #1 picante medio \/ Bob #5 picante \/ Maria #2 Suave (Arroz frito) \/ Sally #2 Picante (Sin arroz &#8211; Ensalada extra) Alternativamente, puede hacer una reserva por correo electr\u00f3nico o tel\u00e9fono Elecctronico: whatscooking@mailsam.com Telefono: (0995443977) Le dar\u00e9 la direcci\u00f3n exacta de nuestra ubicaci\u00f3n cuando confirmemos su reserva. Normalmente puedo acomodar reservas de \u00faltimo minuto o <a href=\"https:\/\/cookingwithrey.com\/?page_id=2816\"><span class=\"meta-nav\">&#8230;<\/span><\/a><\/p>\n","protected":false},"author":1,"featured_media":0,"parent":0,"menu_order":0,"comment_status":"closed","ping_status":"closed","template":"","meta":{"nf_dc_page":"","footnotes":""},"class_list":["post-2816","page","type-page","status-publish","hentry"],"yoast_head":"<!-- This site is optimized with the Yoast SEO plugin v27.4 - https:\/\/yoast.com\/product\/yoast-seo-wordpress\/ -->\n<title>RESERVACIONES - Cooking With Rey<\/title>\n<meta name=\"robots\" content=\"index, follow, max-snippet:-1, max-image-preview:large, max-video-preview:-1\" \/>\n<link rel=\"canonical\" href=\"https:\/\/cookingwithrey.com\/?page_id=2816\" \/>\n<meta property=\"og:locale\" content=\"en_US\" \/>\n<meta property=\"og:type\" content=\"article\" \/>\n<meta property=\"og:title\" content=\"RESERVACIONES - Cooking With Rey\" \/>\n<meta property=\"og:description\" content=\"HAGA UNA RESERVACI\u00d3N LLENANDO EL FORMULARIO A CONTINUACI\u00d3N. Si est\u00e1 en un GRUPO y hacen pedidos por separado, simplemente agregue el &#8220;Nombre del Grupo&#8221; en el formulario de reserva a continuaci\u00f3n. Ejemplo: (Por favor, coloque el primer nombre al frente de cada pedido) Jose #1 picante medio \/ Bob #5 picante \/ Maria #2 Suave (Arroz frito) \/ Sally #2 Picante (Sin arroz &#8211; Ensalada extra) Alternativamente, puede hacer una reserva por correo electr\u00f3nico o tel\u00e9fono Elecctronico: whatscooking@mailsam.com Telefono: (0995443977) Le dar\u00e9 la direcci\u00f3n exacta de nuestra ubicaci\u00f3n cuando confirmemos su reserva. Normalmente puedo acomodar reservas de \u00faltimo minuto o ...\" \/>\n<meta property=\"og:url\" content=\"https:\/\/cookingwithrey.com\/?page_id=2816\" \/>\n<meta property=\"og:site_name\" content=\"Cooking With Rey\" \/>\n<meta property=\"article:modified_time\" content=\"2024-03-05T22:36:41+00:00\" \/>\n<meta property=\"og:image\" content=\"http:\/\/cookingwithrey.com\/wp-content\/uploads\/2023\/02\/Main-Dining-Table-R20-scaled.jpg\" \/>\n<meta name=\"twitter:card\" content=\"summary_large_image\" \/>\n<meta name=\"twitter:label1\" content=\"Est. reading time\" \/>\n\t<meta name=\"twitter:data1\" content=\"2 minutes\" \/>\n<script type=\"application\/ld+json\" class=\"yoast-schema-graph\">{\"@context\":\"https:\\\/\\\/schema.org\",\"@graph\":[{\"@type\":\"WebPage\",\"@id\":\"https:\\\/\\\/cookingwithrey.com\\\/?page_id=2816\",\"url\":\"https:\\\/\\\/cookingwithrey.com\\\/?page_id=2816\",\"name\":\"RESERVACIONES - Cooking With Rey\",\"isPartOf\":{\"@id\":\"https:\\\/\\\/cookingwithrey.com\\\/#website\"},\"primaryImageOfPage\":{\"@id\":\"https:\\\/\\\/cookingwithrey.com\\\/?page_id=2816#primaryimage\"},\"image\":{\"@id\":\"https:\\\/\\\/cookingwithrey.com\\\/?page_id=2816#primaryimage\"},\"thumbnailUrl\":\"http:\\\/\\\/cookingwithrey.com\\\/wp-content\\\/uploads\\\/2023\\\/02\\\/Main-Dining-Table-R20-scaled.jpg\",\"datePublished\":\"2024-03-05T22:36:40+00:00\",\"dateModified\":\"2024-03-05T22:36:41+00:00\",\"breadcrumb\":{\"@id\":\"https:\\\/\\\/cookingwithrey.com\\\/?page_id=2816#breadcrumb\"},\"inLanguage\":\"en-US\",\"potentialAction\":[{\"@type\":\"ReadAction\",\"target\":[\"https:\\\/\\\/cookingwithrey.com\\\/?page_id=2816\"]}]},{\"@type\":\"ImageObject\",\"inLanguage\":\"en-US\",\"@id\":\"https:\\\/\\\/cookingwithrey.com\\\/?page_id=2816#primaryimage\",\"url\":\"https:\\\/\\\/cookingwithrey.com\\\/wp-content\\\/uploads\\\/2023\\\/02\\\/Main-Dining-Table-R20-scaled.jpg\",\"contentUrl\":\"https:\\\/\\\/cookingwithrey.com\\\/wp-content\\\/uploads\\\/2023\\\/02\\\/Main-Dining-Table-R20-scaled.jpg\",\"width\":2560,\"height\":1707},{\"@type\":\"BreadcrumbList\",\"@id\":\"https:\\\/\\\/cookingwithrey.com\\\/?page_id=2816#breadcrumb\",\"itemListElement\":[{\"@type\":\"ListItem\",\"position\":1,\"name\":\"Home\",\"item\":\"https:\\\/\\\/cookingwithrey.com\\\/\"},{\"@type\":\"ListItem\",\"position\":2,\"name\":\"RESERVACIONES\"}]},{\"@type\":\"WebSite\",\"@id\":\"https:\\\/\\\/cookingwithrey.com\\\/#website\",\"url\":\"https:\\\/\\\/cookingwithrey.com\\\/\",\"name\":\"Cooking With Rey\",\"description\":\"Cambodian Cooking\",\"potentialAction\":[{\"@type\":\"SearchAction\",\"target\":{\"@type\":\"EntryPoint\",\"urlTemplate\":\"https:\\\/\\\/cookingwithrey.com\\\/?s={search_term_string}\"},\"query-input\":{\"@type\":\"PropertyValueSpecification\",\"valueRequired\":true,\"valueName\":\"search_term_string\"}}],\"inLanguage\":\"en-US\"}]}<\/script>\n<!-- \/ Yoast SEO plugin. -->","yoast_head_json":{"title":"RESERVACIONES - Cooking With Rey","robots":{"index":"index","follow":"follow","max-snippet":"max-snippet:-1","max-image-preview":"max-image-preview:large","max-video-preview":"max-video-preview:-1"},"canonical":"https:\/\/cookingwithrey.com\/?page_id=2816","og_locale":"en_US","og_type":"article","og_title":"RESERVACIONES - Cooking With Rey","og_description":"HAGA UNA RESERVACI\u00d3N LLENANDO EL FORMULARIO A CONTINUACI\u00d3N. Si est\u00e1 en un GRUPO y hacen pedidos por separado, simplemente agregue el &#8220;Nombre del Grupo&#8221; en el formulario de reserva a continuaci\u00f3n. Ejemplo: (Por favor, coloque el primer nombre al frente de cada pedido) Jose #1 picante medio \/ Bob #5 picante \/ Maria #2 Suave (Arroz frito) \/ Sally #2 Picante (Sin arroz &#8211; Ensalada extra) Alternativamente, puede hacer una reserva por correo electr\u00f3nico o tel\u00e9fono Elecctronico: whatscooking@mailsam.com Telefono: (0995443977) Le dar\u00e9 la direcci\u00f3n exacta de nuestra ubicaci\u00f3n cuando confirmemos su reserva. Normalmente puedo acomodar reservas de \u00faltimo minuto o ...","og_url":"https:\/\/cookingwithrey.com\/?page_id=2816","og_site_name":"Cooking With Rey","article_modified_time":"2024-03-05T22:36:41+00:00","og_image":[{"url":"http:\/\/cookingwithrey.com\/wp-content\/uploads\/2023\/02\/Main-Dining-Table-R20-scaled.jpg","type":"","width":"","height":""}],"twitter_card":"summary_large_image","twitter_misc":{"Est. reading time":"2 minutes"},"schema":{"@context":"https:\/\/schema.org","@graph":[{"@type":"WebPage","@id":"https:\/\/cookingwithrey.com\/?page_id=2816","url":"https:\/\/cookingwithrey.com\/?page_id=2816","name":"RESERVACIONES - Cooking With Rey","isPartOf":{"@id":"https:\/\/cookingwithrey.com\/#website"},"primaryImageOfPage":{"@id":"https:\/\/cookingwithrey.com\/?page_id=2816#primaryimage"},"image":{"@id":"https:\/\/cookingwithrey.com\/?page_id=2816#primaryimage"},"thumbnailUrl":"http:\/\/cookingwithrey.com\/wp-content\/uploads\/2023\/02\/Main-Dining-Table-R20-scaled.jpg","datePublished":"2024-03-05T22:36:40+00:00","dateModified":"2024-03-05T22:36:41+00:00","breadcrumb":{"@id":"https:\/\/cookingwithrey.com\/?page_id=2816#breadcrumb"},"inLanguage":"en-US","potentialAction":[{"@type":"ReadAction","target":["https:\/\/cookingwithrey.com\/?page_id=2816"]}]},{"@type":"ImageObject","inLanguage":"en-US","@id":"https:\/\/cookingwithrey.com\/?page_id=2816#primaryimage","url":"https:\/\/cookingwithrey.com\/wp-content\/uploads\/2023\/02\/Main-Dining-Table-R20-scaled.jpg","contentUrl":"https:\/\/cookingwithrey.com\/wp-content\/uploads\/2023\/02\/Main-Dining-Table-R20-scaled.jpg","width":2560,"height":1707},{"@type":"BreadcrumbList","@id":"https:\/\/cookingwithrey.com\/?page_id=2816#breadcrumb","itemListElement":[{"@type":"ListItem","position":1,"name":"Home","item":"https:\/\/cookingwithrey.com\/"},{"@type":"ListItem","position":2,"name":"RESERVACIONES"}]},{"@type":"WebSite","@id":"https:\/\/cookingwithrey.com\/#website","url":"https:\/\/cookingwithrey.com\/","name":"Cooking With Rey","description":"Cambodian Cooking","potentialAction":[{"@type":"SearchAction","target":{"@type":"EntryPoint","urlTemplate":"https:\/\/cookingwithrey.com\/?s={search_term_string}"},"query-input":{"@type":"PropertyValueSpecification","valueRequired":true,"valueName":"search_term_string"}}],"inLanguage":"en-US"}]}},"_links":{"self":[{"href":"https:\/\/cookingwithrey.com\/index.php?rest_route=\/wp\/v2\/pages\/2816","targetHints":{"allow":["GET"]}}],"collection":[{"href":"https:\/\/cookingwithrey.com\/index.php?rest_route=\/wp\/v2\/pages"}],"about":[{"href":"https:\/\/cookingwithrey.com\/index.php?rest_route=\/wp\/v2\/types\/page"}],"author":[{"embeddable":true,"href":"https:\/\/cookingwithrey.com\/index.php?rest_route=\/wp\/v2\/users\/1"}],"replies":[{"embeddable":true,"href":"https:\/\/cookingwithrey.com\/index.php?rest_route=%2Fwp%2Fv2%2Fcomments&post=2816"}],"version-history":[{"count":3,"href":"https:\/\/cookingwithrey.com\/index.php?rest_route=\/wp\/v2\/pages\/2816\/revisions"}],"predecessor-version":[{"id":2875,"href":"https:\/\/cookingwithrey.com\/index.php?rest_route=\/wp\/v2\/pages\/2816\/revisions\/2875"}],"wp:attachment":[{"href":"https:\/\/cookingwithrey.com\/index.php?rest_route=%2Fwp%2Fv2%2Fmedia&parent=2816"}],"curies":[{"name":"wp","href":"https:\/\/api.w.org\/{rel}","templated":true}]}}