{"id":2833,"date":"2024-03-05T17:35:59","date_gmt":"2024-03-05T22:35:59","guid":{"rendered":"http:\/\/cookingwithrey.com\/?page_id=2833"},"modified":"2024-07-25T19:45:00","modified_gmt":"2024-07-26T00:45:00","slug":"pagina-principal-2","status":"publish","type":"page","link":"https:\/\/cookingwithrey.com\/?page_id=2833","title":{"rendered":"P\u00e1gina Principal"},"content":{"rendered":"\n<p class=\"\"><strong><a href=\"https:\/\/cookingwithrey.com\/?page_id=8\"><mark style=\"background-color:#fcb900\" class=\"has-inline-color has-black-color\">CHANGE TO ENGLISH<\/mark><\/a><\/strong><mark style=\"background-color:rgba(0, 0, 0, 0)\" class=\"has-inline-color has-vivid-green-cyan-color\"><\/mark><\/p>\n\n\n\n<p class=\"\"><strong>Los usuarios de tel\u00e9fonos m\u00f3viles navegan utilizando el MEN\u00da en la parte superior izquierda de la p\u00e1gina o los enlaces a continuaci\u00f3n.<\/strong><\/p>\n\n\n\n<div class=\"nf-instructions wp-block-group\"><div class=\"wp-block-group__inner-container is-layout-flow wp-block-group-is-layout-flow\"><div class=\"wp-block-image\">\n<figure class=\"aligncenter size-full is-resized\"><img loading=\"lazy\" decoding=\"async\" width=\"2560\" height=\"1707\" src=\"https:\/\/cookingwithrey.com\/wp-content\/uploads\/2024\/07\/Chipolte-JR22-scaled.jpg\" alt=\"\" class=\"wp-image-3220\" style=\"width:654px;height:auto\" srcset=\"https:\/\/cookingwithrey.com\/wp-content\/uploads\/2024\/07\/Chipolte-JR22-scaled.jpg 2560w, https:\/\/cookingwithrey.com\/wp-content\/uploads\/2024\/07\/Chipolte-JR22-768x512.jpg 768w, https:\/\/cookingwithrey.com\/wp-content\/uploads\/2024\/07\/Chipolte-JR22-200x133.jpg 200w, https:\/\/cookingwithrey.com\/wp-content\/uploads\/2024\/07\/Chipolte-JR22-1536x1024.jpg 1536w, https:\/\/cookingwithrey.com\/wp-content\/uploads\/2024\/07\/Chipolte-JR22-2048x1365.jpg 2048w, https:\/\/cookingwithrey.com\/wp-content\/uploads\/2024\/07\/Chipolte-JR22-600x400.jpg 600w, https:\/\/cookingwithrey.com\/wp-content\/uploads\/2024\/07\/Chipolte-JR22-500x333.jpg 500w\" sizes=\"auto, (max-width: 2560px) 100vw, 2560px\" \/><figcaption class=\"wp-element-caption\">#20 Chipotle  Fillet Mignon With Lemon Grass<\/figcaption><\/figure><\/div><\/div><\/div>\n\n\n\n<h1 class=\"wp-block-heading has-text-color\" style=\"color:#cb5763\">COCINANDO CON REY &#8220;Estilo Camboyano&#8221;<\/h1>\n\n\n\n<p class=\"has-medium-font-size\">La chef Sreymom (Rey) te invita a experimentar los platos fragantes y coloridos de su pa\u00eds natal, Camboya. Rel\u00e1jate en un ambiente tranquilo y c\u00f3modo entre amigos y familiares mientras Sreymom (Rey) te lleva a trav\u00e9s de un viaje ex\u00f3tico por las delicias culinarias del Sudeste Asi\u00e1tico.<\/p>\n\n\n\n<p class=\"has-medium-font-size\">Ubicado en la hermosa Cuenca, Ecuador, en el parque San Sebasti\u00e1n cerca del museo de Arte Moderno. Sreymom (Rey) ha estado cocinando platos aut\u00e9nticos del Sudeste Asi\u00e1tico por m\u00e1s de veinticinco a\u00f1os. Aunque trabajamos solo con reservaci\u00f3n, se aceptan solicitudes de reservaciones de \u00faltimo minuto. Vea lo que hay en el men\u00fa o haga una reservaci\u00f3n a continuaci\u00f3n.<\/p>\n\n\n\n<p class=\"has-medium-font-size\">Qu\u00e9 hay en el men\u00fa: MEN\u00da: Qu\u00e9-se-Cocina<\/p>\n\n\n\n<p class=\"\"><\/p>\n\n\n\n<p class=\"\"><\/p>\n\n\n\n<div class=\"wp-block-buttons is-layout-flex wp-block-buttons-is-layout-flex\">\n<div class=\"is-style-fill wp-block-button\"><a class=\"wp-block-button__link wp-element-button\" href=\"https:\/\/cookingwithrey.com\/?page_id=2809\" rel=\"\/default-content\/?p=4\">MEN\u00da-Qu\u00e9 se Cocina<\/a><\/div>\n\n\n\n<div class=\"is-style-fill wp-block-button\"><a class=\"wp-block-button__link wp-element-button\" href=\"https:\/\/cookingwithrey.com\/?page_id=522\" rel=\"\/default-content\/?p=4\">COMENTARIOS-DE-CLIENTES<\/a><\/div>\n\n\n\n<div class=\"is-style-fill wp-block-button\"><a class=\"wp-block-button__link wp-element-button\" href=\"https:\/\/cookingwithrey.com\/?page_id=2816\">RESERVACIONES<\/a><\/div>\n<\/div>\n\n\n\n<h2 class=\"wp-block-heading\">D\u00edas y Horarios de Apertura<\/h2>\n\n\n\n<p class=\"has-medium-font-size\"><strong>Lunes &#8211; S\u00e1bado<\/strong>  <strong>12:30PM &#8211; Last Seating 8:30 PM<\/strong><\/p>\n\n\n\n<p class=\"has-medium-font-size\"><strong>Domingo  12:30pm &#8211; \u00daltima Reservaci\u00f3n 6:30pm<\/strong><\/p>\n\n\n\n<h2 class=\"wp-block-heading has-medium-font-size\"><mark><mark style=\"background-color:#ffffff\" class=\"has-inline-color has-vivid-red-color\"><\/mark><\/mark><\/h2>\n\n\n\n<p class=\"\"><\/p>\n\n\n\n<div class=\"wp-block-group alignfull\" style=\"padding-top:var(--wp--preset--spacing--30);padding-right:var(--wp--preset--spacing--30);padding-bottom:var(--wp--preset--spacing--30);padding-left:var(--wp--preset--spacing--30)\"><div class=\"wp-block-group__inner-container is-layout-constrained wp-container-core-group-is-layout-97875daf wp-block-group-is-layout-constrained\">\n<div class=\"wp-block-group alignwide is-content-justification-space-between is-layout-flex wp-container-core-group-is-layout-3d213aab wp-block-group-is-layout-flex\">\n<div class=\"wp-block-group is-layout-flex wp-block-group-is-layout-flex\"><\/div>\n<\/div>\n<\/div><\/div>\n","protected":false},"excerpt":{"rendered":"<p>CHANGE TO ENGLISH Los usuarios de tel\u00e9fonos m\u00f3viles navegan utilizando el MEN\u00da en la parte superior izquierda de la p\u00e1gina o los enlaces a continuaci\u00f3n. COCINANDO CON REY &#8220;Estilo Camboyano&#8221; La chef Sreymom (Rey) te invita a experimentar los platos fragantes y coloridos de su pa\u00eds natal, Camboya. Rel\u00e1jate en un ambiente tranquilo y c\u00f3modo entre amigos y familiares mientras Sreymom (Rey) te lleva a trav\u00e9s de un viaje ex\u00f3tico por las delicias culinarias del Sudeste Asi\u00e1tico. Ubicado en la hermosa Cuenca, Ecuador, en el parque San Sebasti\u00e1n cerca del museo de Arte Moderno. Sreymom (Rey) ha estado cocinando platos <a href=\"https:\/\/cookingwithrey.com\/?page_id=2833\"><span class=\"meta-nav\">&#8230;<\/span><\/a><\/p>\n","protected":false},"author":1,"featured_media":0,"parent":0,"menu_order":0,"comment_status":"closed","ping_status":"closed","template":"","meta":{"nf_dc_page":"home","footnotes":""},"class_list":["post-2833","page","type-page","status-publish","hentry"],"yoast_head":"<!-- This site is optimized with the Yoast SEO plugin v27.4 - https:\/\/yoast.com\/product\/yoast-seo-wordpress\/ -->\n<title>P\u00e1gina Principal - Cooking With Rey<\/title>\n<meta name=\"robots\" content=\"index, follow, max-snippet:-1, max-image-preview:large, max-video-preview:-1\" \/>\n<link rel=\"canonical\" href=\"https:\/\/cookingwithrey.com\/?page_id=2833\" \/>\n<meta property=\"og:locale\" content=\"en_US\" \/>\n<meta property=\"og:type\" content=\"article\" \/>\n<meta property=\"og:title\" content=\"P\u00e1gina Principal - Cooking With Rey\" \/>\n<meta property=\"og:description\" content=\"CHANGE TO ENGLISH Los usuarios de tel\u00e9fonos m\u00f3viles navegan utilizando el MEN\u00da en la parte superior izquierda de la p\u00e1gina o los enlaces a continuaci\u00f3n. COCINANDO CON REY &#8220;Estilo Camboyano&#8221; La chef Sreymom (Rey) te invita a experimentar los platos fragantes y coloridos de su pa\u00eds natal, Camboya. Rel\u00e1jate en un ambiente tranquilo y c\u00f3modo entre amigos y familiares mientras Sreymom (Rey) te lleva a trav\u00e9s de un viaje ex\u00f3tico por las delicias culinarias del Sudeste Asi\u00e1tico. Ubicado en la hermosa Cuenca, Ecuador, en el parque San Sebasti\u00e1n cerca del museo de Arte Moderno. Sreymom (Rey) ha estado cocinando platos ...\" \/>\n<meta property=\"og:url\" content=\"https:\/\/cookingwithrey.com\/?page_id=2833\" \/>\n<meta property=\"og:site_name\" content=\"Cooking With Rey\" \/>\n<meta property=\"article:modified_time\" content=\"2024-07-26T00:45:00+00:00\" \/>\n<meta property=\"og:image\" content=\"http:\/\/cookingwithrey.com\/wp-content\/uploads\/2024\/07\/Chipolte-JR22-scaled.jpg\" \/>\n<meta name=\"twitter:card\" content=\"summary_large_image\" \/>\n<meta name=\"twitter:label1\" content=\"Est. reading time\" \/>\n\t<meta name=\"twitter:data1\" content=\"1 minute\" \/>\n<script type=\"application\/ld+json\" class=\"yoast-schema-graph\">{\"@context\":\"https:\\\/\\\/schema.org\",\"@graph\":[{\"@type\":\"WebPage\",\"@id\":\"https:\\\/\\\/cookingwithrey.com\\\/?page_id=2833\",\"url\":\"https:\\\/\\\/cookingwithrey.com\\\/?page_id=2833\",\"name\":\"P\u00e1gina Principal - Cooking With Rey\",\"isPartOf\":{\"@id\":\"https:\\\/\\\/cookingwithrey.com\\\/#website\"},\"primaryImageOfPage\":{\"@id\":\"https:\\\/\\\/cookingwithrey.com\\\/?page_id=2833#primaryimage\"},\"image\":{\"@id\":\"https:\\\/\\\/cookingwithrey.com\\\/?page_id=2833#primaryimage\"},\"thumbnailUrl\":\"http:\\\/\\\/cookingwithrey.com\\\/wp-content\\\/uploads\\\/2024\\\/07\\\/Chipolte-JR22-scaled.jpg\",\"datePublished\":\"2024-03-05T22:35:59+00:00\",\"dateModified\":\"2024-07-26T00:45:00+00:00\",\"breadcrumb\":{\"@id\":\"https:\\\/\\\/cookingwithrey.com\\\/?page_id=2833#breadcrumb\"},\"inLanguage\":\"en-US\",\"potentialAction\":[{\"@type\":\"ReadAction\",\"target\":[\"https:\\\/\\\/cookingwithrey.com\\\/?page_id=2833\"]}]},{\"@type\":\"ImageObject\",\"inLanguage\":\"en-US\",\"@id\":\"https:\\\/\\\/cookingwithrey.com\\\/?page_id=2833#primaryimage\",\"url\":\"https:\\\/\\\/cookingwithrey.com\\\/wp-content\\\/uploads\\\/2024\\\/07\\\/Chipolte-JR22-scaled.jpg\",\"contentUrl\":\"https:\\\/\\\/cookingwithrey.com\\\/wp-content\\\/uploads\\\/2024\\\/07\\\/Chipolte-JR22-scaled.jpg\",\"width\":2560,\"height\":1707,\"caption\":\"#20 Chipotle Fillet Mignon With Lemon Grass\"},{\"@type\":\"BreadcrumbList\",\"@id\":\"https:\\\/\\\/cookingwithrey.com\\\/?page_id=2833#breadcrumb\",\"itemListElement\":[{\"@type\":\"ListItem\",\"position\":1,\"name\":\"Home\",\"item\":\"https:\\\/\\\/cookingwithrey.com\\\/\"},{\"@type\":\"ListItem\",\"position\":2,\"name\":\"P\u00e1gina Principal\"}]},{\"@type\":\"WebSite\",\"@id\":\"https:\\\/\\\/cookingwithrey.com\\\/#website\",\"url\":\"https:\\\/\\\/cookingwithrey.com\\\/\",\"name\":\"Cooking With Rey\",\"description\":\"Cambodian Cooking\",\"potentialAction\":[{\"@type\":\"SearchAction\",\"target\":{\"@type\":\"EntryPoint\",\"urlTemplate\":\"https:\\\/\\\/cookingwithrey.com\\\/?s={search_term_string}\"},\"query-input\":{\"@type\":\"PropertyValueSpecification\",\"valueRequired\":true,\"valueName\":\"search_term_string\"}}],\"inLanguage\":\"en-US\"}]}<\/script>\n<!-- \/ Yoast SEO plugin. -->","yoast_head_json":{"title":"P\u00e1gina Principal - Cooking With Rey","robots":{"index":"index","follow":"follow","max-snippet":"max-snippet:-1","max-image-preview":"max-image-preview:large","max-video-preview":"max-video-preview:-1"},"canonical":"https:\/\/cookingwithrey.com\/?page_id=2833","og_locale":"en_US","og_type":"article","og_title":"P\u00e1gina Principal - Cooking With Rey","og_description":"CHANGE TO ENGLISH Los usuarios de tel\u00e9fonos m\u00f3viles navegan utilizando el MEN\u00da en la parte superior izquierda de la p\u00e1gina o los enlaces a continuaci\u00f3n. COCINANDO CON REY &#8220;Estilo Camboyano&#8221; La chef Sreymom (Rey) te invita a experimentar los platos fragantes y coloridos de su pa\u00eds natal, Camboya. Rel\u00e1jate en un ambiente tranquilo y c\u00f3modo entre amigos y familiares mientras Sreymom (Rey) te lleva a trav\u00e9s de un viaje ex\u00f3tico por las delicias culinarias del Sudeste Asi\u00e1tico. Ubicado en la hermosa Cuenca, Ecuador, en el parque San Sebasti\u00e1n cerca del museo de Arte Moderno. Sreymom (Rey) ha estado cocinando platos ...","og_url":"https:\/\/cookingwithrey.com\/?page_id=2833","og_site_name":"Cooking With Rey","article_modified_time":"2024-07-26T00:45:00+00:00","og_image":[{"url":"http:\/\/cookingwithrey.com\/wp-content\/uploads\/2024\/07\/Chipolte-JR22-scaled.jpg","type":"","width":"","height":""}],"twitter_card":"summary_large_image","twitter_misc":{"Est. reading time":"1 minute"},"schema":{"@context":"https:\/\/schema.org","@graph":[{"@type":"WebPage","@id":"https:\/\/cookingwithrey.com\/?page_id=2833","url":"https:\/\/cookingwithrey.com\/?page_id=2833","name":"P\u00e1gina Principal - Cooking With Rey","isPartOf":{"@id":"https:\/\/cookingwithrey.com\/#website"},"primaryImageOfPage":{"@id":"https:\/\/cookingwithrey.com\/?page_id=2833#primaryimage"},"image":{"@id":"https:\/\/cookingwithrey.com\/?page_id=2833#primaryimage"},"thumbnailUrl":"http:\/\/cookingwithrey.com\/wp-content\/uploads\/2024\/07\/Chipolte-JR22-scaled.jpg","datePublished":"2024-03-05T22:35:59+00:00","dateModified":"2024-07-26T00:45:00+00:00","breadcrumb":{"@id":"https:\/\/cookingwithrey.com\/?page_id=2833#breadcrumb"},"inLanguage":"en-US","potentialAction":[{"@type":"ReadAction","target":["https:\/\/cookingwithrey.com\/?page_id=2833"]}]},{"@type":"ImageObject","inLanguage":"en-US","@id":"https:\/\/cookingwithrey.com\/?page_id=2833#primaryimage","url":"https:\/\/cookingwithrey.com\/wp-content\/uploads\/2024\/07\/Chipolte-JR22-scaled.jpg","contentUrl":"https:\/\/cookingwithrey.com\/wp-content\/uploads\/2024\/07\/Chipolte-JR22-scaled.jpg","width":2560,"height":1707,"caption":"#20 Chipotle Fillet Mignon With Lemon Grass"},{"@type":"BreadcrumbList","@id":"https:\/\/cookingwithrey.com\/?page_id=2833#breadcrumb","itemListElement":[{"@type":"ListItem","position":1,"name":"Home","item":"https:\/\/cookingwithrey.com\/"},{"@type":"ListItem","position":2,"name":"P\u00e1gina Principal"}]},{"@type":"WebSite","@id":"https:\/\/cookingwithrey.com\/#website","url":"https:\/\/cookingwithrey.com\/","name":"Cooking With Rey","description":"Cambodian Cooking","potentialAction":[{"@type":"SearchAction","target":{"@type":"EntryPoint","urlTemplate":"https:\/\/cookingwithrey.com\/?s={search_term_string}"},"query-input":{"@type":"PropertyValueSpecification","valueRequired":true,"valueName":"search_term_string"}}],"inLanguage":"en-US"}]}},"_links":{"self":[{"href":"https:\/\/cookingwithrey.com\/index.php?rest_route=\/wp\/v2\/pages\/2833","targetHints":{"allow":["GET"]}}],"collection":[{"href":"https:\/\/cookingwithrey.com\/index.php?rest_route=\/wp\/v2\/pages"}],"about":[{"href":"https:\/\/cookingwithrey.com\/index.php?rest_route=\/wp\/v2\/types\/page"}],"author":[{"embeddable":true,"href":"https:\/\/cookingwithrey.com\/index.php?rest_route=\/wp\/v2\/users\/1"}],"replies":[{"embeddable":true,"href":"https:\/\/cookingwithrey.com\/index.php?rest_route=%2Fwp%2Fv2%2Fcomments&post=2833"}],"version-history":[{"count":5,"href":"https:\/\/cookingwithrey.com\/index.php?rest_route=\/wp\/v2\/pages\/2833\/revisions"}],"predecessor-version":[{"id":3225,"href":"https:\/\/cookingwithrey.com\/index.php?rest_route=\/wp\/v2\/pages\/2833\/revisions\/3225"}],"wp:attachment":[{"href":"https:\/\/cookingwithrey.com\/index.php?rest_route=%2Fwp%2Fv2%2Fmedia&parent=2833"}],"curies":[{"name":"wp","href":"https:\/\/api.w.org\/{rel}","templated":true}]}}